{"id":37,"date":"2018-10-05T17:20:20","date_gmt":"2018-10-05T17:20:20","guid":{"rendered":"http:\/\/localhost\/amokachi\/?page_id=37"},"modified":"2026-01-21T12:43:28","modified_gmt":"2026-01-21T11:43:28","slug":"about","status":"publish","type":"page","link":"https:\/\/laart.io\/?page_id=37","title":{"rendered":"About"},"content":{"rendered":"[vc_row][vc_column width=&#8221;2\/12&#8243;][\/vc_column][vc_column width=&#8221;8\/12&#8243;]<div class=\"text-center\"><div class=\"about-text\">\n<h6 style=\"text-align: center;\"><strong>LA ART Gallery<\/strong> versteht sich als die zeitgem\u00e4\u00dfe Weiterentwicklung der klassischen Kunstgalerie und somit als beratende, Kunst vermittelnde Talentplattform und -schmiede.<\/h6>\n<h6 style=\"text-align: center;\">Eine lange Reihe F\u00f6rderer und Partner teilt dieselbe Ansicht: Vom Kompetenzteam der Kultur- und Kreativwirtschaft M\u00fcnchen bei Landeshauptstadt M\u00fcnchen \u00fcber die Initiative \u201eInnenst\u00e4dte beleben\u201c bis hin zum Bayerischen Staatsministerium f\u00fcr Wohnen, Bau und Verkehr. Sie allesamt haben <strong>LA ART Gallery<\/strong> als besonders f\u00f6rderungsw\u00fcrdiges junges Unternehmen gek\u00fcrt.<\/h6>\n<h6 style=\"text-align: center;\">Der Schwerpunkt liegt in der Vertretung und Verkauf von Werken aufstrebender zeitgen\u00f6ssischer K\u00fcnstler aus M\u00fcnchen und Umgebung, erg\u00e4nzt durch Werke bereits etablierter K\u00fcnstler. Die gesamte Bandbreite der Bildenden K\u00fcnste wie Gem\u00e4lde, Zeichnungen, Grafiken, Skulpturen, Video- und Objektinstallationen bis hin zu Digitaler Kunst und KI- unterst\u00fctzter Kunst ist vertreten.<\/h6>\n<h6 style=\"text-align: center;\">Bei regelm\u00e4\u00dfig wechselnden Solo- und Gruppenausstellungen l\u00e4dt <strong>LA ART Gallery<\/strong> M\u00fcnchnerInnen und BesucherInnen ein, Ihre Aufmerksamkeit auf die Kunst von Heute zu richten.<\/h6>\n<h6 style=\"text-align: center;\"><strong>LA ART Gallery<\/strong> engagiert sich f\u00fcr junge K\u00fcnstlerInnen und bietet ihnen B\u00fchne vor einem breiten heterogenen Publikum. So wird sie zur Anlaufstelle f\u00fcr offene Diskussion und Beratung auf dem k\u00fcnstlerischen Weg. Das Augenmerk ruht stets auf feste Positionierung sowohl im lokalen, als auch im nationalen und internationalen Kunstbetrieb.<\/h6>\n<h6 style=\"text-align: center;\">Indem sie die Begriffe Kunstvermittlung und Kunstrezeption neu ausloten und neueste Trends und k\u00fcnstlerische Entwicklungen sowie wissenschaftliche Errungenschaften ber\u00fccksichtigen, \u00fcberf\u00fchren die beiden erfahrenen Galeristen von <strong>LA ART Gallery<\/strong> den Betrieb Galerie zielsicher ins neue Zeitalter. Aus dem pulsierenden Herzen M\u00fcnchens gehen sie deutschlandweite Kooperationen und Synergien mit Partnern aus den verschiedensten wirtschaftlichen Bereichen ein.<\/h6>\n<h6 style=\"text-align: center;\"><strong>LA ART Gallery<\/strong> verwandelt den herk\u00f6mmlichen Ausstellungsraum in einen offenen barrierefreien Interaktionsraum und tr\u00e4gt mit fortdauerndem Engagement dazu bei, dass M\u00fcnchen als Kunst- und Kulturzentrum Tradition &amp; Zukunft weiterhin vereint und als zentrale deutsche Metropole an der Verwirklichung von Zukunftsvisionen mit-schmiedet.<\/h6>\n<\/div><\/div>[vc_row_inner][vc_column_inner width=&#8221;1\/4&#8243;][wr_vc_feature iconclass=&#8221;\ue03b&#8221; title=&#8221;Strategy&#8221;]In [\/wr_vc_feature][\/vc_column_inner][vc_column_inner width=&#8221;1\/4&#8243;][wr_vc_feature iconclass=&#8221;icon-strategy&#8221; title=&#8221;Branding Identity&#8221;]Her extensive perceived may any sincerity extremity.[\/wr_vc_feature][\/vc_column_inner][vc_column_inner width=&#8221;1\/4&#8243;][wr_vc_feature iconclass=&#8221;icon-paintbrush&#8221; title=&#8221;Graphic Design&#8221;]Her extensive perceived may any sincerity extremity.[\/wr_vc_feature][\/vc_column_inner][vc_column_inner width=&#8221;1\/4&#8243;][wr_vc_feature iconclass=&#8221;icon-lightbulb&#8221; title=&#8221;Brainstorming&#8221;]Her extensive perceived may any sincerity extremity.[\/wr_vc_feature][\/vc_column_inner][\/vc_row_inner][vc_row_inner][vc_column_inner width=&#8221;1\/3&#8243;]<div class=\"teammates text-center bottom_90 top_45\"><div class=\"team\"><img decoding=\"async\" src=\"https:\/\/laart.io\/wp-content\/uploads\/2022\/01\/IMG_0002.jpg\" alt=\"Lora Lalova\"><span class=\"name\">Lora Lalova<\/span><\/div><\/div>[\/vc_column_inner][vc_column_inner width=&#8221;1\/3&#8243;][\/vc_column_inner][vc_column_inner width=&#8221;1\/3&#8243;]<div class=\"teammates text-center bottom_90 top_45\"><div class=\"team\"><img decoding=\"async\" src=\"https:\/\/laart.io\/wp-content\/uploads\/2022\/01\/IMG_0007.jpg\" alt=\"Valeri Lalov\"><span class=\"name\">Valeri Lalov<\/span><\/div><\/div>[\/vc_column_inner][\/vc_row_inner][\/vc_column][\/vc_row][vc_row][vc_column width=&#8221;4\/12&#8243;][\/vc_column][vc_column width=&#8221;4\/12&#8243;][wr_vc_testimonials autoplay=&#8221;true&#8221;][wr_vc_testimonial clientname=&#8221;Lora Lalova&#8221;]\n<p style=\"font-weight: 400;\"><strong>Lora Lalova<\/strong><\/p>\n<p style=\"font-weight: 400;\">Als Kunsthistorikerin und Kunstpa\u0308dagogin bin ich seit sechzehn Jahren berufst\u00e4tig im Bereich Kunsthandel. Zun\u00e4chst in einer festen Anstellung in einem M\u00fcnchner Kunstauktionshaus, in der Folge als Galeriedirektorin von einer familiengef\u00fchrten Kunst- und Schmuckgalerie in M\u00fcnchen. In den Jahren 2015 bis 2017 war ich Gr\u00fcnderin und Gesch\u00e4ftsf\u00fchrerin einer Malschule f\u00fcr Kinder. Seit 2016 bin ich zudem als freischaffende Autorin t\u00e4tig. In den Jahren seit 2020 vergr\u00f6\u00dferte ich meinen Wirkungsbereich und wurde regelm\u00e4\u00dfig t\u00e4tig f\u00fcr Galerien &amp; Kunstmagazine mit Ku\u0308nstlerportra\u0308ts, Werkanalysen, Ausstellungsrezensionen etc.<\/p>\n[\/wr_vc_testimonial][wr_vc_testimonial clientname=&#8221;Valeri Lalov&#8221;]\n<div><\/div>\n<div>\n<p><strong>Dr. Valeri Lalov<\/strong><\/p>\n<p style=\"font-weight: 400;\">Anl\u00e4\u00dflich meiner kunsthistorischen Promotionsarbeit habe ich mich eingehend mit dem Mu\u0308nchner Kunstmilieu zu Beginn des 20. Jahrhunderts bescha\u0308ftigt. Durch meine Seminare als wissenschaftliche Hilfskraft an der Regensburger Uni zu Mu\u0308nchner Museumsbauten sowie durch meine Fu\u0308hrungen fu\u0308r Stadtdetektive Mu\u0308nchen hat sich mein wissenschaftlich-theoretischer Ausgangspunkt bis in die Gegenwart erweitert. Parallel dazu habe ich private Sammlungen und Galeriebesta\u0308nde inventarisiert und Mu\u0308nchner Galerien bei Konzeption, Organisation und Durchfu\u0308hrung von Ausstellungen beraten.<\/p>\n<p><span style=\"font-weight: 400;\">Als Galeriedirektor von Galerie Kronsbein verantwortete ich von 2016 bis 2019 sa\u0308mtliche Prozesse von Leihgabe und Ankauf, Budgetplanung und Verkauf bis hin zu Presse &amp; Marketing. Weitere zentrale Ta\u0308tigkeitsfelder waren die Zusammenarbeit mit externen Dienstleistern fu\u0308r Rahmung und Restaurierung, Transport und Versicherung sowie die Kommunikation mit Ku\u0308nstlern, Institutionen und Partner-Galerien. Einige Highlights meiner dortigen T\u00e4tigkeit stellen die Konzeption, Kuratierung und Durchf\u00fchrung von Ausstellungen von Banksy, Blek le Rat, Alex Katz dar.<\/span><\/p>\n<\/div>\n[\/wr_vc_testimonial][wr_vc_testimonial clientname=&#8221;Customer&#8221;][\/wr_vc_testimonial][\/wr_vc_testimonials][\/vc_column][\/vc_row][vc_row][vc_column width=&#8221;4\/12&#8243;][\/vc_column][vc_column width=&#8221;4\/12&#8243;][vc_row_inner][vc_column_inner width=&#8221;1\/3&#8243;]<div class=\"top_90 bottom_60 amokachi-mb-margin\"><ul class=\"list-style row text-center\"><\/ul><\/div>[\/vc_column_inner][vc_column_inner width=&#8221;1\/3&#8243;]<div class=\"top_90 bottom_60 amokachi-mb-margin\"><ul class=\"list-style row text-center\"><\/ul><\/div>[\/vc_column_inner][vc_column_inner width=&#8221;1\/3&#8243;]<div class=\"top_90 bottom_60 amokachi-mb-margin\"><ul class=\"list-style row text-center\"><\/ul><\/div>[\/vc_column_inner][\/vc_row_inner][\/vc_column][\/vc_row]\n","protected":false},"excerpt":{"rendered":"<p>[vc_row][vc_column width=&#8221;2\/12&#8243;][\/vc_column][vc_column width=&#8221;8\/12&#8243;][vc_row_inner][vc_column_inner width=&#8221;1\/4&#8243;][wr_vc_feature iconclass=&#8221;\ue03b&#8221; title=&#8221;Strategy&#8221;]In [\/wr_vc_feature][\/vc_column_inner][vc_column_inner width=&#8221;1\/4&#8243;][wr_vc_feature iconclass=&#8221;icon-strategy&#8221; title=&#8221;Branding Identity&#8221;]Her extensive perceived may any sincerity extremity.[\/wr_vc_feature][\/vc_column_inner][vc_column_inner width=&#8221;1\/4&#8243;][wr_vc_feature iconclass=&#8221;icon-paintbrush&#8221; title=&#8221;Graphic Design&#8221;]Her extensive perceived may any sincerity extremity.[\/wr_vc_feature][\/vc_column_inner][vc_column_inner width=&#8221;1\/4&#8243;][wr_vc_feature iconclass=&#8221;icon-lightbulb&#8221; title=&#8221;Brainstorming&#8221;]Her extensive perceived may any sincerity extremity.[\/wr_vc_feature][\/vc_column_inner][\/vc_row_inner][vc_row_inner][vc_column_inner width=&#8221;1\/3&#8243;][\/vc_column_inner][vc_column_inner width=&#8221;1\/3&#8243;][\/vc_column_inner][vc_column_inner width=&#8221;1\/3&#8243;][\/vc_column_inner][\/vc_row_inner][\/vc_column][\/vc_row][vc_row][vc_column width=&#8221;4\/12&#8243;][\/vc_column][vc_column width=&#8221;4\/12&#8243;][wr_vc_testimonials autoplay=&#8221;true&#8221;][wr_vc_testimonial clientname=&#8221;Lora Lalova&#8221;] Lora Lalova Als Kunsthistorikerin und Kunstpa\u0308dagogin bin ich seit sechzehn Jahren [&hellip;]<\/p>\n","protected":false},"author":1,"featured_media":0,"parent":0,"menu_order":0,"comment_status":"closed","ping_status":"closed","template":"","meta":{"footnotes":""},"class_list":["post-37","page","type-page","status-publish","hentry"],"_links":{"self":[{"href":"https:\/\/laart.io\/index.php?rest_route=\/wp\/v2\/pages\/37","targetHints":{"allow":["GET"]}}],"collection":[{"href":"https:\/\/laart.io\/index.php?rest_route=\/wp\/v2\/pages"}],"about":[{"href":"https:\/\/laart.io\/index.php?rest_route=\/wp\/v2\/types\/page"}],"author":[{"embeddable":true,"href":"https:\/\/laart.io\/index.php?rest_route=\/wp\/v2\/users\/1"}],"replies":[{"embeddable":true,"href":"https:\/\/laart.io\/index.php?rest_route=%2Fwp%2Fv2%2Fcomments&post=37"}],"version-history":[{"count":20,"href":"https:\/\/laart.io\/index.php?rest_route=\/wp\/v2\/pages\/37\/revisions"}],"predecessor-version":[{"id":909,"href":"https:\/\/laart.io\/index.php?rest_route=\/wp\/v2\/pages\/37\/revisions\/909"}],"wp:attachment":[{"href":"https:\/\/laart.io\/index.php?rest_route=%2Fwp%2Fv2%2Fmedia&parent=37"}],"curies":[{"name":"wp","href":"https:\/\/api.w.org\/{rel}","templated":true}]}}