{"id":342,"date":"2022-01-30T19:48:16","date_gmt":"2022-01-30T18:48:16","guid":{"rendered":"https:\/\/laart.io\/?page_id=342"},"modified":"2023-07-11T13:58:02","modified_gmt":"2023-07-11T11:58:02","slug":"galerien-service","status":"publish","type":"page","link":"https:\/\/laart.io\/?page_id=342","title":{"rendered":"Gallery-Service"},"content":{"rendered":"\n<ul class=\"has-text-color has-medium-font-size wp-block-list\" style=\"color:#0161ee\">\n<li><em><em>Verfassen\u00a0von Katalogen, Biografien, Werkbeschreibungen und -pr\u00e4sentationen einhergehend mit wissenschaftlicher Recherche und kunsthistorischer Aufarbeitung<\/em><\/em><\/li>\n\n\n\n<li><em>Vortr\u00e4ge &amp; F\u00fchrungen<\/em><\/li>\n\n\n\n<li><em>Presse- und \u00d6ffentlichkeitsarbeit<\/em><\/li>\n\n\n\n<li><em><em>Konzeption, Organisation, Kuratierung und Durchf\u00fchrungvon Ausstellungen, Events, Fachveranstaltungen, Vernissagen, Finissagen, Galadinnern etc.<\/em>nissagen, Galadinnern<\/em><\/li>\n\n\n\n<li><em>Entwicklung digitaler Konzepte<\/em><\/li>\n\n\n\n<li><em>Provenienzforschung<\/em><\/li>\n\n\n\n<li><em>Organisation bei Leihgaben<\/em><\/li>\n\n\n\n<li><em>Datenbankpflege<\/em><\/li>\n\n\n\n<li><em>Fotographische Dokumentation<\/em><\/li>\n\n\n\n<li><em>Beratung und Organisierung von Rahmung, Transport, Lagerung, Versicherung, Restaurierung, Instandhaltung<\/em><\/li>\n\n\n\n<li><em>Bewertung (u.a. f\u00fcr steuerliche Zwecke oder zum Anpassen von Versicherungssummen)<\/em><\/li>\n\n\n\n<li><em>Bestandsaufnahme<\/em><\/li>\n\n\n\n<li><em>Katalogisierung<\/em><\/li>\n\n\n\n<li><em>Begutachtung<\/em><\/li>\n<\/ul>\n\n\n\n<p><\/p>\n","protected":false},"excerpt":{"rendered":"Verfassen\u00a0von Katalogen, Biografien, Werkbeschreibungen und -pr\u00e4sentationen einhergehend mit wissenschaftlicher Recherche und kunsthistorischer Aufarbeitung Vortr\u00e4ge &amp; F\u00fchrungen Presse- und \u00d6ffentlichkeitsarbeit Konzeption, Organisation, Kuratierung und Durchf\u00fchrungvon Ausstellungen, Events, Fachveranstaltungen, Vernissagen, Finissagen, Galadinnern etc.nissagen, Galadinnern Entwicklung digitaler Konzepte Provenienzforschung Organisation bei Leihgaben Datenbankpflege Fotographische Dokumentation Beratung und Organisierung von Rahmung, Transport, Lagerung, Versicherung, Restaurierung, Instandhaltung Bewertung (u.a. f\u00fcr [...]","protected":false},"author":1,"featured_media":0,"parent":0,"menu_order":0,"comment_status":"closed","ping_status":"closed","template":"","meta":{"footnotes":""},"class_list":["post-342","page","type-page","status-publish","hentry"],"_links":{"self":[{"href":"https:\/\/laart.io\/index.php?rest_route=\/wp\/v2\/pages\/342","targetHints":{"allow":["GET"]}}],"collection":[{"href":"https:\/\/laart.io\/index.php?rest_route=\/wp\/v2\/pages"}],"about":[{"href":"https:\/\/laart.io\/index.php?rest_route=\/wp\/v2\/types\/page"}],"author":[{"embeddable":true,"href":"https:\/\/laart.io\/index.php?rest_route=\/wp\/v2\/users\/1"}],"replies":[{"embeddable":true,"href":"https:\/\/laart.io\/index.php?rest_route=%2Fwp%2Fv2%2Fcomments&post=342"}],"version-history":[{"count":8,"href":"https:\/\/laart.io\/index.php?rest_route=\/wp\/v2\/pages\/342\/revisions"}],"predecessor-version":[{"id":508,"href":"https:\/\/laart.io\/index.php?rest_route=\/wp\/v2\/pages\/342\/revisions\/508"}],"wp:attachment":[{"href":"https:\/\/laart.io\/index.php?rest_route=%2Fwp%2Fv2%2Fmedia&parent=342"}],"curies":[{"name":"wp","href":"https:\/\/api.w.org\/{rel}","templated":true}]}}